{"id":19,"date":"2014-06-02T21:52:42","date_gmt":"2014-06-02T19:52:42","guid":{"rendered":"http:\/\/www.it-services-schmidt.de\/?page_id=19"},"modified":"2026-01-14T11:04:53","modified_gmt":"2026-01-14T10:04:53","slug":"who-is-who","status":"publish","type":"page","link":"https:\/\/www.it-services-schmidt.de\/?page_id=19","title":{"rendered":"Who is Who"},"content":{"rendered":"\n<p class=\"has-black-color has-text-color has-background has-link-color wp-elements-e54c090ac8bc45ead18e6d0305687eae\" style=\"background-color:#d3d3d3\"><strong>Informationen \u00fcber IT-Services Schmidt<\/strong><br><br>IT-Services Schmidt wurde im Januar 2014 durch mich, Felix Schmidt als Kleinunternehmung gegr\u00fcndet.<br><br>Hauptberuflich bin ich in der System- und Anwendungsadministration in einem Mittelstandunternehmen t\u00e4tig und kombiniere sowohl privat, als auch beruflich angeeignetes Wissen, um auf beiden Seiten das bestm\u00f6gliche Ergebnis zu erreichen.<br><br>Zu meinen Dienstleistungen z\u00e4hle ich die vielf\u00e4ltigen Aufgaben, welche im IT-Bereich durchgef\u00fchrt und geplant werden k\u00f6nnen.<br><br>Die Dienstleistungen habe ich Ihnen nachfolgend aufgelistet:<br><br><strong>Im IT-Bereich liegt der Fokus im Speziellen auf der Planung, Durchf\u00fchrung\/Aufbau, Inbetriebnahme und Wartung von LAN-Netzwerken<\/strong><br><br>&#8211; Installation und Wartung von Routern, Switches und WLANs f\u00fcr den Internetzugang<br>&#8211; Planung, Dokumentation und Aufbau von LAN-Netzwerken (Ethernet und Glasfaser von 100Base-T bis 10GBase-T)<br>&#8211; Planung, Installation und Aufbau von Netzwerkkomponenten (Server, NAS, Drucker etc.)<br>&#8211; Aufbau und Konfiguration von Netzwerkschr\u00e4nken auf 10&#8243; und 19&#8243; Basis<br><br>Weitere Dienstleistungen umfassen:<br>&#8211; EDV-Dienstleistungen (Reparatur, Planung und Aufbau von PC-Systemen und Druckern)<br>&#8211; L\u00f6sungen von Backup- und Netzwerkspeicher (NAS-Aufbau und Installation)<br>&#8211; Installation und Konfiguration von PCs, Servern, und HTPCs auf Basis von Tower, Desktop oder 19&#8243;-Geh\u00e4usen<br>&#8211; Erste Hilfe bei Problemen mit PCs und Laptops (Befall durch Viren, Trojaner und Spyware)<br><br>Sollten Sie hierzu offene Fragen, oder eine unverbindliche Anfrage haben, k\u00f6nnen Sie sich gerne und jederzeit mit mir in Verbindung setzen.<br><br>Ich freue mich auf Sie!<br><br>Felix Schmidt<\/p>\n\n\n\n<p><\/p>\n","protected":false},"excerpt":{"rendered":"<p>Informationen \u00fcber IT-Services Schmidt IT-Services Schmidt wurde im Januar 2014 durch mich, Felix Schmidt als Kleinunternehmung gegr\u00fcndet. Hauptberuflich bin ich in der System- und Anwendungsadministration in einem Mittelstandunternehmen t\u00e4tig und kombiniere sowohl privat, als auch beruflich angeeignetes Wissen, um auf beiden Seiten das bestm\u00f6gliche Ergebnis zu erreichen. Zu meinen Dienstleistungen z\u00e4hle ich die vielf\u00e4ltigen Aufgaben, [&hellip;]<\/p>\n","protected":false},"author":1,"featured_media":0,"parent":0,"menu_order":5,"comment_status":"closed","ping_status":"closed","template":"page-full-width.php","meta":{"_exactmetrics_skip_tracking":false,"_exactmetrics_sitenote_active":false,"_exactmetrics_sitenote_note":"","_exactmetrics_sitenote_category":0,"footnotes":""},"class_list":["post-19","page","type-page","status-publish","hentry"],"_links":{"self":[{"href":"https:\/\/www.it-services-schmidt.de\/index.php?rest_route=\/wp\/v2\/pages\/19","targetHints":{"allow":["GET"]}}],"collection":[{"href":"https:\/\/www.it-services-schmidt.de\/index.php?rest_route=\/wp\/v2\/pages"}],"about":[{"href":"https:\/\/www.it-services-schmidt.de\/index.php?rest_route=\/wp\/v2\/types\/page"}],"author":[{"embeddable":true,"href":"https:\/\/www.it-services-schmidt.de\/index.php?rest_route=\/wp\/v2\/users\/1"}],"replies":[{"embeddable":true,"href":"https:\/\/www.it-services-schmidt.de\/index.php?rest_route=%2Fwp%2Fv2%2Fcomments&post=19"}],"version-history":[{"count":25,"href":"https:\/\/www.it-services-schmidt.de\/index.php?rest_route=\/wp\/v2\/pages\/19\/revisions"}],"predecessor-version":[{"id":355,"href":"https:\/\/www.it-services-schmidt.de\/index.php?rest_route=\/wp\/v2\/pages\/19\/revisions\/355"}],"wp:attachment":[{"href":"https:\/\/www.it-services-schmidt.de\/index.php?rest_route=%2Fwp%2Fv2%2Fmedia&parent=19"}],"curies":[{"name":"wp","href":"https:\/\/api.w.org\/{rel}","templated":true}]}}